{"id":132,"date":"2020-09-18T11:19:56","date_gmt":"2020-09-18T09:19:56","guid":{"rendered":"https:\/\/bolgermany.de\/home\/gbol3\/?page_id=132"},"modified":"2020-09-18T11:35:16","modified_gmt":"2020-09-18T09:35:16","slug":"datenschutz","status":"publish","type":"page","link":"https:\/\/gbol.bolgermany.de\/gbol3\/de\/datenschutz\/","title":{"rendered":"Datenschutz"},"content":{"rendered":"<style>.wp-block-kadence-advancedheading.kt-adv-heading_494273-18, .wp-block-kadence-advancedheading.kt-adv-heading_494273-18[data-kb-block=\"kb-adv-heading_494273-18\"]{font-style:normal;}.wp-block-kadence-advancedheading.kt-adv-heading_494273-18 mark.kt-highlight, .wp-block-kadence-advancedheading.kt-adv-heading_494273-18[data-kb-block=\"kb-adv-heading_494273-18\"] mark.kt-highlight{font-style:normal;color:#f76a0c;-webkit-box-decoration-break:clone;box-decoration-break:clone;padding-top:0px;padding-right:0px;padding-bottom:0px;padding-left:0px;}<\/style>\n<h2 id=\"kt-adv-heading_494273-18\" class=\"kt-adv-heading_494273-18 wp-block-kadence-advancedheading\">Datenschutzerkl\u00e4rung<\/h2>\n\n\n\n<p>Diese Datenschutzerkl\u00e4rung kl\u00e4rt Sie \u00fcber die Art, den Umfang und Zweck der Verarbeitung von personenbezogenen Daten innerhalb unseres Onlineangebotes und der mit ihm verbundenen Webseiten, Funktionen und Inhalte sowie externen Onlinepr\u00e4senzen auf. Im Hinblick auf die verwendeten Begrifflichkeiten, wie z.B. \u201epersonenbezogene Daten\u201c oder deren \u201eVerarbeitung\u201c verweisen wir auf die Definitionen im Art. 4 der Datenschutzgrundverordnung (DSGVO).<\/p>\n\n\n\n<p>Im GBOL-Portal (<a href=\"https:\/\/bolgermany.de\/\">https:\/\/bolgermany.de<\/a>) werden personenbezogene Daten verarbeitet. Als personenbezogene Daten werden alle Daten aufgefasst, die direkt oder indirekt auf eine nat\u00fcrliche Person zur\u00fcckgef\u00fchrt werden k\u00f6nnen.<\/p>\n\n\n\n<p>Verantwortlich f\u00fcr die Verarbeitung personenbezogener Daten gem\u00e4\u00df DSGVO ist das:<\/p>\n\n\n\n<p>Zoologische Forschungsmuseum Alexander Koenig<br>Leibniz-Institut f\u00fcr Biodiversit\u00e4t der Tiere<br>Stiftung des \u00f6ffentlichen Rechts<br>Adenauerallee 160<br>53113 Bonn<br>email: datenschutz(at)leibniz-zfmk.de<\/p>\n\n\n\n<p>Sie haben das Recht auf Auskunft \u00fcber die von uns zu Ihrer Person erhobenen Daten, sowie auf deren Berichtigung und L\u00f6schung. Dieses Recht k\u00f6nnen Sie \u00fcber den Postweg oder \u00fcber eine elektronische Mitteilung an ZFMKdatacenter(at)leibniz-zfmk.de aus\u00fcben. Details zu Ihren Rechten erfahren Sie in den Abs\u00e4tzen 6, 7, 8 und 9 dieser Datenschutzerkl\u00e4rung.<\/p>\n\n\n\n<h3 class=\"wp-block-heading\">1 Verarbeitung personenbezogener Daten<\/h3>\n\n\n\n<p>Das GBOL-Portal dient der Erfassung der biologischen Vielfalt und zur Erstellung einer Bibliothek von genetischen Barcodes der in Deutschland vorkommenden biologischen Arten. Deshalb unterscheidet das Portal zwischen Experten, die als registrierte Nutzer Gewebeproben und Daten einsenden k\u00f6nnen, und nicht registrierten Nutzern, die Zugriff auf die erhobenen Forschungsdaten erhalten. F\u00fcr beide Nutzergruppen werden unterschiedliche personenbezogene Daten verarbeitet (Absatz 2 und 3). Die Verarbeitung der Forschungsdaten erfolgt entsprechend den Empfehlungen und Richtlinien des Forschungsf\u00f6rderers (Bundesministerium f\u00fcr Bildung und Forschung) und wird deshalb gesondert behandelt (Absatz 4).<\/p>\n\n\n\n<h3 class=\"wp-block-heading\">2 Verarbeitung personenbezogener Daten von nicht registrierten Nutzern<\/h3>\n\n\n\n<p>Bei der Nutzung des Portals ohne Registrierung werden folgende personenbezogenen Daten erfasst und gespeichert:<\/p>\n\n\n\n<ul class=\"wp-block-list\"><li>IP-Adresse, Zeitstempel, Browser-Kennung, angefragte Seiten innerhalb des Portals<\/li><\/ul>\n\n\n\n<p>Die Daten werden f\u00fcr den Zeitraum von 7 Tagen gespeichert, um Missbr\u00e4uche und Angriffe auf das Webportal erkennen und abwehren zu k\u00f6nnen. Nach 7 Tagen werden die IP-Adressen anonymisiert, so dass keine pers\u00f6nliche Zuordnung m\u00f6glich ist. Die anonymisierten IP-Adressen, Zeitstempel, Browserkennung und angefragten Seiten werden zur statistischen Auswertung der Zugriffe f\u00fcr 6 Monate aufbewahrt, um Nachweispflichten gegen\u00fcber dem Projektf\u00f6rderer des GBOL-Projekts (Bundesministerium f\u00fcr Bildung und Forschung) nachkommen zu k\u00f6nnen.<\/p>\n\n\n\n<p>Zus\u00e4tzlich werden zur vereinfachten Nutzbarkeit des GBOL-Portals auf dem Rechner der Nutzer folgende Daten gespeichert:<\/p>\n\n\n\n<ul class=\"wp-block-list\"><li>Sogenannte Cookies mit einer eindeutigen Kennung<\/li><\/ul>\n\n\n\n<p>Cookies sind kleine Dateien, die vom Webbrowser angelegt werden. Das GBOL-Portal kann auf diese Dateien zugreifen, um Informationen \u00fcber den letzten Zugriff auf Seiten des GBOL-Portals erhalten. Im GBOL-Portal werden sie genutzt, um die Spracheinstellungen der Nutzer zu speichern. Die Cookies werden f\u00fcr eine Woche aufbewahrt.<\/p>\n\n\n\n<p>Au\u00dferdem werden beim Aufruf der Seiten \u201aNews\u2018 und \u201aPublikationen\u2018 Cookies vom Drittanbieter YouTube (YouTube LLC, 901 Cherry Ave, San Bruno, CA 94066 USA) gespeichert, da diese einen integrierten YouTube-Player nutzen.<\/p>\n\n\n\n<p>Durch die Integration von YouTube werden zus\u00e4tzlich personenbezogene Daten beim Drittanbieter YouTube bzw. deren Muttergesellschaft Google (Google LLC 1600 Amphitheatre Parkway Mountain View, CA 94043 USA) gespeichert:<\/p>\n\n\n\n<ul class=\"wp-block-list\"><li>IP-Adresse<\/li><li>Profilname, wenn Sie mit einem Google-Konto eingeloggt sind<\/li><li>Weitere von Google mit ihrem Profilnamen verbundene Daten<\/li><\/ul>\n\n\n\n<p>Genauere Informationen zu den von YouTube bzw. Google verarbeiteten personenbezogenen Daten finden Sie unter <a href=\"https:\/\/policies.google.com\/privacy\">https:\/\/policies.google.com\/privacy<\/a>.<\/p>\n\n\n\n<p>Das Speichern von Cookies kann von Ihnen \u00fcber die Browser-Einstellungen verhindert werden. Dies f\u00fchrt dazu, dass die Seite nicht die gew\u00e4hlte Sprache beh\u00e4lt und YouTube Videos nicht im Portal abgespielt werden k\u00f6nnen. Sie k\u00f6nnen die Cookies auch automatisch l\u00f6schen lassen, wenn Sie den Browser schlie\u00dfen. Dies l\u00e4sst sich ebenfalls in den Einstellungen des Browsers festlegen.<\/p>\n\n\n\n<p>F\u00fcr die Darstellung der Fundorte von Organismen werden Dienste und Karten der OpenStreetMap Foundation (132 Maney Hill Road, Sutton Coldfield, West Midlands, B72 1JU, United Kingdom) verwendet. Die OpenStreetMap Foundation speichert Daten mit eindeutigen Kennungen \u00fcber die Nutzung ihrer Dienste. Diese Daten werden von der OpenStreetMap Foundation anonymisiert f\u00fcr statistische Auswertungen gespeichert und verarbeitet. Genauere Informationen zu den von der OpenStreetMap Foundation verarbeiteten Daten finden Sie unter <a href=\"https:\/\/wiki.osmfoundation.org\/wiki\/Privacy_Policy\">https:\/\/wiki.osmfoundation.org\/wiki\/Privacy_Policy<\/a>, im Abschnitt \u201aLog files and Information submitted to OSMF Services\u2018.<\/p>\n\n\n\n<p>Um die Speicherung der Daten durch die OpenStreetMap Foundation zu verhindern, k\u00f6nnen Sie die Dom\u00e4ne der OpenStreetMap Dienste (tile.openstreetmap.org) mit einem Browser-AddOn wie \u201aPrivacy Badger\u2018 (<a href=\"https:\/\/www.eff.org\/privacybadger\">https:\/\/www.eff.org\/privacybadger<\/a>) blockieren. Dann ist allerdings keine Kartendarstellung mehr m\u00f6glich.<\/p>\n\n\n\n<h3 class=\"wp-block-heading\">3 Verarbeitung personenbezogener Daten von registrierten Nutzern<\/h3>\n\n\n\n<p>Nutzer des Portals k\u00f6nnen sich als Experten f\u00fcr ein Taxon registrieren und dann aktiv an der Sammlung von Gewebeproben und Fundortdaten teilnehmen. Jedem registrierten Nutzer wird ein Fachberater (Taxonkoordinator) als Ansprechpartner zugewiesen, der bei Fragen zu den Forschungsdaten weiter hilft. Um eine ausreichende Expertise zu garantieren und Nutzer mit Sammelmaterial und Aufwandsentsch\u00e4digung zu versorgen, werden bei der Registrierung folgende personenbezogene Daten gespeichert:<\/p>\n\n\n\n<ul class=\"wp-block-list\"><li>Name, Telefonnummer, Adresse und Email-Adresse des Nutzers<\/li><li>Taxonomische Expertise des Nutzers<\/li><li>Zugeh\u00f6rigkeit zu einer Forschungseinrichtung, einem einschl\u00e4gigen Verband oder Referenzen anderer Experten<\/li><\/ul>\n\n\n\n<p>Diese Daten werden nur mit Einwilligung des jeweiligen registrierten Nutzers gespeichert. Nutzer werden bei der Registrierung \u00fcber die Speicherung und Nutzung personenbezogener Daten informiert. Registrierte Nutzer k\u00f6nnen ihre Expertise zusammen mit ihrem Namen im Portal \u00f6ffentlich sichtbar machen, wenn sie das w\u00fcnschen.<\/p>\n\n\n\n<p>Bei Nutzung des Portals als registrierter Nutzer werden zus\u00e4tzlich folgende personenbezogenen Daten in Form von Cookies gespeichert:<\/p>\n\n\n\n<ul class=\"wp-block-list\"><li>Cookies mit dem Namen des Nutzers und dem Zeitpunkt des Logins in das Portal<\/li><li>Cookies mit einer eindeutigen Kennung<\/li><\/ul>\n\n\n\n<p>Diese Cookies dienen dazu, die jeweiligen Zugriffsrechte f\u00fcr das Ansehen von Daten sowie den Upload oder Download durch eingeloggte Nutzer zu gew\u00e4hrleisten. Das Speichern von Cookies kann \u00fcber die Browser-Einstellung verhindert werden. Dann ist die Nutzung des Portals als registrierter Nutzer allerdings nicht mehr m\u00f6glich.<\/p>\n\n\n\n<h3 class=\"wp-block-heading\">4 Verarbeitung personenbezogener Daten in den Forschungsdaten<\/h3>\n\n\n\n<p>Ziel des Portals ist es, Forschungsdaten \u00fcber Vorkommen und genetische Barcodes biologischer Arten zu erheben. Zur Qualit\u00e4tssicherung und Nutzbarkeit von Forschungsdaten geh\u00f6rt eine transparente Dokumentation der Datenerhebung und Erhebungsmethoden. Deshalb enthalten die im Portal gespeicherten Forschungsdaten auch personenbezogene Daten, wie den Namen des Forschers, Erhebungsdatum und -ort.<\/p>\n\n\n\n<p>In den \u00fcber das Portal eingesandten Forschungsdaten werden folgende personenbezogenen Daten gespeichert:<\/p>\n\n\n\n<ul class=\"wp-block-list\"><li>Name des Sammlers von Gewebeproben<\/li><li>Fundorte der gesammelten Gewebeproben und Zeitpunkt der Sammlung<\/li><\/ul>\n\n\n\n<p>Diese Daten werden nur nach Einwilligung des registrierten Nutzers \u00f6ffentlich zug\u00e4nglich gemacht. Die Einwilligung kann von Fall zu Fall f\u00fcr die Datens\u00e4tze erfolgen und geschieht dann in Abstimmung mit dem f\u00fcr den jeweiligen Nutzer zust\u00e4ndigen Fachberater im GBOL-Projekt.<\/p>\n\n\n\n<p>Wenn Forschungsdaten von einem registrierten Nutzer geliefert werden und personenbezogene Daten Dritter enthalten (z. B. Namen und Aufenthaltsorte nicht registrierter Personen), muss dem registrierten Nutzer eine Einwilligung zur Verarbeitung dieser Daten im GBOL-Portal vorliegen. Dritte Personen haben in diesem Fall dieselben Rechte gegen\u00fcber dem Verantwortlichen des GBOL-Portals, wie registrierte Nutzer.<\/p>\n\n\n\n<p>Die Forschungsdaten werden mit den enthaltenen personenbezogenen Daten f\u00fcr mindestens 10 Jahre gespeichert. Dies entspricht den von der Deutschen Forschungsgemeinschaft gemachten Vorgaben zur Guten Wissenschaftlichen Praxis<sup><a href=\"https:\/\/www.bolgermany.de\/wp\/startseite\/datenschutz\/#sdfootnote1sym\">1<\/a><\/sup> und zum Forschungsdaten-Management<a href=\"https:\/\/www.bolgermany.de\/wp\/startseite\/datenschutz\/#sdfootnote2sym\"><sup>2<\/sup><\/a>.<\/p>\n\n\n\n<p>1) <a href=\"http:\/\/www.dfg.de\/download\/pdf\/dfg_im_profil\/reden_stellungnahmen\/download\/empfehlung_wiss_praxis_1310.pdf\">http:\/\/www.dfg.de\/download\/pdf\/dfg_im_profil\/reden_stellungnahmen\/download\/empfehlung_wiss_praxis_1310.pdf<\/a><\/p>\n\n\n\n<p>2) <a href=\"http:\/\/www.dfg.de\/download\/pdf\/foerderung\/programme\/lis\/ua_inf_empfehlungen_200901.pdf\">http:\/\/www.dfg.de\/download\/pdf\/foerderung\/programme\/lis\/ua_inf_empfehlungen_200901.pdf<\/a><\/p>\n\n\n\n<h3 class=\"wp-block-heading\">5 Weitergabe von personenbezogenen Daten an Dritte<\/h3>\n\n\n\n<p>Die gespeicherten Forschungsdaten werden an Dritte (z. B. Forscher, interessierte \u00d6ffentlichkeit, Forschungs- und Verwaltungseinrichtungen) weitergegeben, um dem wissenschaftlichen Zweck des GBOL-Projekts gerecht zu werden. Die Angaben zur Person von Sammlern k\u00f6nnen auf Antrag anonymisiert werden, bevor eine Ver\u00f6ffentlichung stattfindet. Die Anonymisierung geschieht in R\u00fccksprache mit den Fachberatern des GBOL-Portals. Der Antrag kann \u00fcber die Adresse der Biodiversit\u00e4tsinformatik erfolgen (Adresse siehe unten).<\/p>\n\n\n\n<h3 class=\"wp-block-heading\">6 Kontaktadresse zur \u00c4nderung, L\u00f6schung oder zum Widerruf der Einwilligung zur Verarbeitung personenbezogener Daten<\/h3>\n\n\n\n<p>F\u00fcr alle Anfragen zu \u00c4nderung, L\u00f6schung oder Widerruf der Einwilligung wenden Sie sich bitte an:<\/p>\n\n\n\n<p>Zoologisches Forschungsmuseum Alexander Koenig<br>Sektion f\u00fcr Biodiversit\u00e4tsinformatik<br>Adenauerallee 160<br>53113 Bonn<br>email: ZFMKdatacenter(at)leibniz-zfmk.de<\/p>\n\n\n\n<h3 class=\"wp-block-heading\">7 L\u00f6schung oder Korrektur der personenbezogenen Daten<\/h3>\n\n\n\n<p>Die im GBOL-Portal verarbeiteten personenbezogenen Daten werden auf Antrag gel\u00f6scht oder korrigiert, wenn es sich nicht um die zur Verf\u00fcgung gestellten Forschungsdaten handelt. Ein Antrag auf L\u00f6schung der personenbezogenen Daten kann bei dem jeweiligen Fachberater (Taxonkoordinator) oder bei der Biodiversit\u00e4tsinformatik des Zoologischen Forschungsmuseums Alexander Koenig (ZFMK) erfolgen. Die Kontaktadresse ist oben angegeben.<br>F\u00fcr die L\u00f6schung oder Korrektur der personenbezogenen Daten wird eine Authentifizierung des Antragstellers verlangt.<br>F\u00fcr die in Forschungsdaten enthaltenen personenbezogenen Daten ist eine L\u00f6schung oder Korrektur nur nach Absprache mit dem jeweiligen Fachberatern des GBOL-Projekts m\u00f6glich, da Vorgaben des Projektf\u00f6rderers (BMBF) und zur wissenschaftlichen Praxis eingehalten werden m\u00fcssen.<\/p>\n\n\n\n<h3 class=\"wp-block-heading\">8 Auskunft \u00fcber verarbeitete personenbezogene Daten<\/h3>\n\n\n\n<p>Vom GBOL-Portal verarbeitete personenbezogene Daten werden den betroffenen Personen auf Antrag hin in Maschinen- und Menschen-lesbarer Form zur Verf\u00fcgung gestellt. Ein Antrag kann an die Biodiversit\u00e4tsinformatik des ZFMK gestellt werden, die Adresse ist oben angegeben.<br>Die personenbezogenen Daten werden sp\u00e4testens 4 Wochen nach Antragsstellung zur Verf\u00fcgung gestellt, wenn eine ausreichende Authentifizierung des Antragstellers vorliegt.<\/p>\n\n\n\n<h3 class=\"wp-block-heading\">9 Widerruf der Einwilligung zur Verarbeitung personenbezogener Daten<\/h3>\n\n\n\n<p>Registrierte Nutzer k\u00f6nnen Ihre Einwilligung zur Verarbeitung personenbezogener Daten im GBOL-Portal jederzeit widerrufen. Die personenbezogenen Daten werden dann innerhalb einer Frist von 4 Wochen gel\u00f6scht. Bei Widerruf der Einwilligung wird eine Authentifizierung des registrierten Nutzers verlangt. Der Widerruf kann formlos an die Bioversit\u00e4tsinformatik des ZFMK gesendet werden. Die Kontaktadresse ist oben angegeben.<\/p>\n\n\n\n<h3 class=\"wp-block-heading\">10 Beschwerderecht bei der zust\u00e4ndigen Aufsichtsbeh\u00f6rde<\/h3>\n\n\n\n<p>Entsprechend Art. 13 DSGVO haben Sie ein Beschwerderecht bei der zust\u00e4ndigen Aufsichtsbeh\u00f6rde. Das ist die:<\/p>\n\n\n\n<p>Landesbeauftragte f\u00fcr Datenschutz und Informationsfreiheit Nordrhein-Westfalen<br>Postfach 20 04 44<br>40102 D\u00fcsseldorf<br>oder<br>Kavalleriestra\u00dfe 2-4<br>40213 D\u00fcsseldorf<br>Email: poststelle(at)ldi.nrw.de<br><a href=\"https:\/\/www.ldi.nrw.de\/metanavi_Kontakt\/key_ldi.asc\">\u00d6ffentlicher PGP-Key<\/a><\/p>\n\n\n\n<h3 class=\"wp-block-heading\">11 Zust\u00e4ndiger Datenschutzbeauftragter<\/h3>\n\n\n\n<p>Thorsten Klug<br>Zoologische Forschungsmuseum Alexander Koenig<br>Adenauerallee 160<br>53113 Bonn<br>email: datenschutz(at)leibniz-zfmk.de<\/p>\n","protected":false},"excerpt":{"rendered":"<p>Datenschutzerkl\u00e4rung Diese Datenschutzerkl\u00e4rung kl\u00e4rt Sie \u00fcber die Art, den Umfang und Zweck der Verarbeitung von personenbezogenen Daten innerhalb unseres Onlineangebotes und der mit ihm verbundenen Webseiten, Funktionen und Inhalte sowie externen Onlinepr\u00e4senzen auf. Im Hinblick auf die verwendeten Begrifflichkeiten, wie z.B. \u201epersonenbezogene Daten\u201c oder deren \u201eVerarbeitung\u201c verweisen wir auf die Definitionen im Art. 4 der [&hellip;]<\/p>\n","protected":false},"author":1,"featured_media":0,"parent":0,"menu_order":0,"comment_status":"closed","ping_status":"closed","template":"","meta":{"footnotes":""},"class_list":["post-132","page","type-page","status-publish","hentry"],"_links":{"self":[{"href":"https:\/\/gbol.bolgermany.de\/gbol3\/wp-json\/wp\/v2\/pages\/132","targetHints":{"allow":["GET"]}}],"collection":[{"href":"https:\/\/gbol.bolgermany.de\/gbol3\/wp-json\/wp\/v2\/pages"}],"about":[{"href":"https:\/\/gbol.bolgermany.de\/gbol3\/wp-json\/wp\/v2\/types\/page"}],"author":[{"embeddable":true,"href":"https:\/\/gbol.bolgermany.de\/gbol3\/wp-json\/wp\/v2\/users\/1"}],"replies":[{"embeddable":true,"href":"https:\/\/gbol.bolgermany.de\/gbol3\/wp-json\/wp\/v2\/comments?post=132"}],"version-history":[{"count":2,"href":"https:\/\/gbol.bolgermany.de\/gbol3\/wp-json\/wp\/v2\/pages\/132\/revisions"}],"predecessor-version":[{"id":144,"href":"https:\/\/gbol.bolgermany.de\/gbol3\/wp-json\/wp\/v2\/pages\/132\/revisions\/144"}],"wp:attachment":[{"href":"https:\/\/gbol.bolgermany.de\/gbol3\/wp-json\/wp\/v2\/media?parent=132"}],"curies":[{"name":"wp","href":"https:\/\/api.w.org\/{rel}","templated":true}]}}